{"id":21,"date":"2015-05-13T10:49:43","date_gmt":"2015-05-13T10:49:43","guid":{"rendered":"http:\/\/xn--sociedadantroposficaen-bgc.apps-1and1.net\/?page_id=21"},"modified":"2019-10-09T13:05:02","modified_gmt":"2019-10-09T11:05:02","slug":"rudolf-steiner","status":"publish","type":"page","link":"https:\/\/sociedadantroposofica.com\/index.php\/antroposofia\/rudolf-steiner\/","title":{"rendered":"Rudolf Steiner"},"content":{"rendered":"<p>De padres austr\u00edacos, Rudolf Steiner naci\u00f3 un 25 de febrero de 1861 en Kraljevec (antes Murakir\u00e1ly), una peque\u00f1a localidad al norte de Croacia, entonces parte del imperio austro-h\u00fangaro. Creci\u00f3 en la regi\u00f3n de Burgenland, en el extremo oriental de Austria, vivenciando la naturaleza y observando el paso rutinario y puntual de los trenes (su padre fue jefe de estaci\u00f3n del ferrocarril).<\/p>\n<p>A los 18 a\u00f1os (1879) ingres\u00f3 en el Instituto de Tecnolog\u00eda (Technische Hochschule) de Viena donde curs\u00f3 ciencias naturales, matem\u00e1ticas y filosof\u00eda.<\/p>\n<p><a href=\"http:\/\/sociedadantroposofica.es\/wp-content\/uploads\/2015\/05\/I_Goeheanum.jpg\"><img loading=\"lazy\" decoding=\"async\" class=\"alignleft size-medium wp-image-16\" src=\"http:\/\/sociedadantroposofica.es\/wp-content\/uploads\/2015\/05\/I_Goeheanum.jpg\" alt=\"I_Goeheanum\" width=\"1\" height=\"1\" \/><\/a> <a href=\"http:\/\/sociedadantroposofica.es\/wp-content\/uploads\/2015\/05\/rudolf-steiner.jpg\"><img loading=\"lazy\" decoding=\"async\" class=\" size-full wp-image-121 alignright\" src=\"http:\/\/sociedadantroposofica.es\/wp-content\/uploads\/2015\/05\/rudolf-steiner.jpg\" alt=\"rudolf-steiner\" width=\"241\" height=\"300\" \/><\/a>En 1882, un a\u00f1o antes de graduarse, uno de sus profesores en Viena propuso a\u00a0Steiner como editor cient\u00edfico de una nueva edici\u00f3n de las obras de Goethe. Como resultado de este trabajo, en 1888 fue invitado a trabajar como editor en los archivos de Goethe en Weimar (Alemania), donde permaneci\u00f3 hasta 1896. A partir de sus estudios cient\u00edfico-filos\u00f3ficos sobre la obra de Goethe, Steiner escribi\u00f3 la \u201cTeor\u00eda del conocimiento basada en la concepci\u00f3n del mundo de Goethe\u201d y \u201cGoethe y su visi\u00f3n del mundo\u201d.<\/p>\n<p>En 1891, se doctor\u00f3 en filosof\u00eda en la Universidad de Rostock, Alemania, con una tesis luego ampliada y publicada como \u201cVerdad y Ciencia\u201d. Tres a\u00f1os m\u00e1s tarde escribi\u00f3 su obra filos\u00f3fica m\u00e1s importante: \u201cLa Filosof\u00eda de la Libertad\u201d, una obra epistemol\u00f3gica que muestra el camino para alcanzar la libertad espiritual del ser humano a partir de un individualismo \u00e9tico y moral libre de prejuicios.<\/p>\n<p>Adem\u00e1s de su obra escrita que incluye tambi\u00e9n teatro: los Dramas Misterio, Steiner dio aproximadamente 6000 conferencias sobre un amplio abanico de temas: educaci\u00f3n, medicina, agricultura, temas sociales, ciencia y arte. Desarroll\u00f3 las bases para la pedagog\u00eda Waldorf (hoy en d\u00eda convertida en una red escolar mundial), la agricultura biodin\u00e1mica (pionera y anterior a todas las agriculturas ecol\u00f3gicas actuales), la medicina antropos\u00f3fica y la euritmia o arte del movimiento. En lo social retom\u00f3 los aut\u00e9nticos valores de la revoluci\u00f3n francesa hasta entonces no bien entendidos desarrollando la idea de la triformaci\u00f3n del organismo social: (libertad en las ideas, igualdad en lo jur\u00eddico y fraternidad en lo econ\u00f3mico). Tambi\u00e9n escribi\u00f3 obras de teatro: los Dramas Misterio y dise\u00f1\u00f3 los dos edificios Goetheanum en Dornach (Suiza) para, entre otras cosas, poder representarlos. Estos edificios son reconocidos como obras maestras de la arquitectura moderna (el primero edificio, de madera, fue destruido por un incendio y en su lugar se construy\u00f3 el actual Goetheanum a base de hormig\u00f3n armado),<\/p>\n<p>Pero la aportaci\u00f3n m\u00e1s trascendental y decisiva de Steiner fue el desarrollo de la <a href=\"https:\/\/sociedadantroposofica.es\/?page_id=15\">Antroposof\u00eda <\/a>o Ciencia Espiritual Antropos\u00f3fica, cuya metodolog\u00eda logra trascender los supuestos l\u00edmites impuestos al conocimiento humano por Kant. Steiner, en \u201cC\u00f3mo se adquiere el conocimiento de los mundos superiores\u201d y tambi\u00e9n en la segunda parte de \u201cLa Ciencia Oculta\u201d, habla con detalle de este camino de conocimiento espiritual. Como ideas de la Antroposof\u00eda cabe destacar la importancia del desarrollo espiritual del ser humano como fundamento de una vida social, art\u00edstica y cient\u00edfica sana, el significado del karma y de la reencarnaci\u00f3n y sobre todo la figura de Cristo como acontecimiento decisivo y piedra angular para la evoluci\u00f3n de toda la humanidad.<\/p>\n<p>Con el fin de que el movimiento antropos\u00f3fico tomase forma en las condiciones adecuadas, Steiner, despu\u00e9s de un per\u00edodo inicial de colaboraci\u00f3n con la Sociedad Teos\u00f3fica, cre\u00f3 en 1913 la Sociedad Antropos\u00f3fica y procedi\u00f3 a refundarla diez a\u00f1os m\u00e1s tarde, durante el Congreso de Navidad de 1923, como Sociedad Antropos\u00f3fica General.<\/p>\n<p>Rudolf Steiner muri\u00f3 en Dornach el 30 de marzo de 1925, con 64 a\u00f1os de edad y 15 meses despu\u00e9s del Congreso de Navidad.<\/p>\n","protected":false},"excerpt":{"rendered":"<p>De padres austr\u00edacos, Rudolf Steiner naci\u00f3 un 25 de febrero de 1861 en Kraljevec (antes Murakir\u00e1ly), una peque\u00f1a localidad al norte de Croacia, entonces parte del imperio austro-h\u00fangaro. Creci\u00f3 en la regi\u00f3n de Burgenland, en el extremo oriental de Austria, vivenciando la naturaleza y observando el paso rutinario y puntual de los trenes (su padre [&hellip;]<\/p>\n","protected":false},"author":1,"featured_media":0,"parent":15,"menu_order":0,"comment_status":"closed","ping_status":"open","template":"","meta":{"_genesis_hide_title":false,"_genesis_hide_breadcrumbs":false,"_genesis_hide_singular_image":false,"_genesis_hide_footer_widgets":false,"_genesis_custom_body_class":"","_genesis_custom_post_class":"","_genesis_layout":"","footnotes":""},"class_list":{"0":"post-21","1":"page","2":"type-page","3":"status-publish","5":"entry"},"_links":{"self":[{"href":"https:\/\/sociedadantroposofica.com\/index.php\/wp-json\/wp\/v2\/pages\/21","targetHints":{"allow":["GET"]}}],"collection":[{"href":"https:\/\/sociedadantroposofica.com\/index.php\/wp-json\/wp\/v2\/pages"}],"about":[{"href":"https:\/\/sociedadantroposofica.com\/index.php\/wp-json\/wp\/v2\/types\/page"}],"author":[{"embeddable":true,"href":"https:\/\/sociedadantroposofica.com\/index.php\/wp-json\/wp\/v2\/users\/1"}],"replies":[{"embeddable":true,"href":"https:\/\/sociedadantroposofica.com\/index.php\/wp-json\/wp\/v2\/comments?post=21"}],"version-history":[{"count":4,"href":"https:\/\/sociedadantroposofica.com\/index.php\/wp-json\/wp\/v2\/pages\/21\/revisions"}],"predecessor-version":[{"id":779,"href":"https:\/\/sociedadantroposofica.com\/index.php\/wp-json\/wp\/v2\/pages\/21\/revisions\/779"}],"up":[{"embeddable":true,"href":"https:\/\/sociedadantroposofica.com\/index.php\/wp-json\/wp\/v2\/pages\/15"}],"wp:attachment":[{"href":"https:\/\/sociedadantroposofica.com\/index.php\/wp-json\/wp\/v2\/media?parent=21"}],"curies":[{"name":"wp","href":"https:\/\/api.w.org\/{rel}","templated":true}]}}